{"id":814,"date":"2025-09-17T17:21:03","date_gmt":"2025-09-17T15:21:03","guid":{"rendered":"https:\/\/www.calypsotravel.es\/declaracion-de-accesibilidad\/"},"modified":"2025-09-17T17:33:30","modified_gmt":"2025-09-17T15:33:30","slug":"declaracion-de-accesibilidad","status":"publish","type":"page","link":"https:\/\/www.calypsotravel.es\/en\/declaracion-de-accesibilidad\/","title":{"rendered":"DECLARACI\u00d3N DE ACCESIBILIDAD"},"content":{"rendered":"\t\t<div data-elementor-type=\"wp-page\" data-elementor-id=\"814\" class=\"elementor elementor-814 elementor-794\" data-elementor-post-type=\"page\">\n\t\t\t\t<div class=\"elementor-element elementor-element-c18edcd e-flex e-con-boxed e-con e-parent\" data-id=\"c18edcd\" data-element_type=\"container\">\n\t\t\t\t\t<div class=\"e-con-inner\">\n\t\t\t\t<div class=\"elementor-element elementor-element-013fe60 elementor-widget elementor-widget-heading\" data-id=\"013fe60\" data-element_type=\"widget\" data-widget_type=\"heading.default\">\n\t\t\t\t<div class=\"elementor-widget-container\">\n\t\t\t\t\t<h2 class=\"elementor-heading-title elementor-size-default\">Declaraci\u00f3n de Accesibilidad<\/h2>\t\t\t\t<\/div>\n\t\t\t\t<\/div>\n\t\t\t\t<div class=\"elementor-element elementor-element-ed03198 elementor-widget elementor-widget-text-editor\" data-id=\"ed03198\" data-element_type=\"widget\" data-widget_type=\"text-editor.default\">\n\t\t\t\t<div class=\"elementor-widget-container\">\n\t\t\t\t\t\t\t\t\t<p class=\"western\">La empresa Actividades de ocio y turismo Calypso Travel, SL se ha comprometido a hacer accesible su sitio web de conformidad con el Real Decreto 1112\/2018, de 7 de septiembre, sobre accesibilidad de los sitios web y aplicaciones para dispositivos m\u00f3viles del sector p\u00fablico, o desarrollos financiados desde Europa.<\/p><p class=\"western\">La presente declaraci\u00f3n de accesibilidad se aplica al sitio web <a href=\"https:\/\/www.calypsotravel.es\/en\/\">https:\/\/www.calypsotravel.es\/<\/a> excluyendo los contenidos incrustados provenientes de otros dominios.<\/p><p class=\"western\"><b>Situaci\u00f3n de cumplimiento<\/b><\/p><p class=\"western\">Este sitio web es Parcialmente conforme con el RD 1112\/2018 debido a la falta de conformidad de los aspectos que se indican a continuaci\u00f3n.<\/p><p class=\"western\"><b>Contenido no accesible<\/b><\/p><p class=\"western\">El contenido que se recoge a continuaci\u00f3n no es accesible por los siguientes motivos:<\/p><ul><li><p class=\"western\">Falta de conformidad:<\/p><ul><li><p class=\"western\">Puede existir contenido no textual con alternativa textual inadecuada en algunas p\u00e1ginas &#8211; Requisito n\u00famero 9.1.1.1 Contenido no textual de UNE-EN 301549:2022<\/p><\/li><li><p class=\"western\">Puede haber elementos cuyo contraste no sea el suficiente en algunas p\u00e1ginas \u2013 Requisito 9.1.4.3 Contraste UNE-EN 301549:202<\/p><\/li><li><p class=\"western\">Pueden existir algunos errores de parseo en el c\u00f3digo &#8211; Requisito n\u00famero 9.4.1.1 Procesamiento de UNE-EN 301549:2022<\/p><\/li><li><p class=\"western\">La web no ofrece un sistema de navegaci\u00f3n alternativo al men\u00fa \u2013 Requisito n\u00famero 9.2.4.5 M\u00faltiples V\u00edas de UNE-EN 301549:2022<\/p><\/li><li><p class=\"western\">Podr\u00edan existir fallos puntuales de edici\u00f3n en alguna p\u00e1gina web.<\/p><\/li><\/ul><\/li><li><p class=\"western\">Carga desproporcionada: No resulta aplicable.<\/p><\/li><li><p class=\"western\">El contenido no entra dentro del \u00e1mbito de la legislaci\u00f3n aplicable.<\/p><\/li><\/ul><p class=\"western\">Podr\u00edan existir archivos ofim\u00e1ticos en PDF u otros formatos publicados antes del 20 de septiembre de 2018 que no cumplan en su totalidad todos los requisitos de accesibilidad.<br>Puede haber contenidos de terceros que no est\u00e9n desarrollados en esta Unidad, ni bajo su control, como archivos ofim\u00e1ticos de diferentes organismos que deban publicarse en este sitio.<\/p>\t\t\t\t\t\t\t\t<\/div>\n\t\t\t\t<\/div>\n\t\t\t\t\t<\/div>\n\t\t\t\t<\/div>\n\t\t\t\t<\/div>\n\t\t","protected":false},"excerpt":{"rendered":"<p>Declaraci\u00f3n de Accesibilidad La empresa Actividades de ocio y turismo Calypso Travel, SL se ha comprometido a hacer accesible su sitio web de conformidad con el Real Decreto 1112\/2018, de 7 de septiembre, sobre accesibilidad de los sitios web y aplicaciones para dispositivos m\u00f3viles del sector p\u00fablico, o desarrollos financiados desde Europa. La presente declaraci\u00f3n [&hellip;]<\/p>\n","protected":false},"author":1,"featured_media":0,"parent":0,"menu_order":0,"comment_status":"closed","ping_status":"closed","template":"","meta":{"footnotes":""},"class_list":["post-814","page","type-page","status-publish","hentry"],"_links":{"self":[{"href":"https:\/\/www.calypsotravel.es\/en\/wp-json\/wp\/v2\/pages\/814","targetHints":{"allow":["GET"]}}],"collection":[{"href":"https:\/\/www.calypsotravel.es\/en\/wp-json\/wp\/v2\/pages"}],"about":[{"href":"https:\/\/www.calypsotravel.es\/en\/wp-json\/wp\/v2\/types\/page"}],"author":[{"embeddable":true,"href":"https:\/\/www.calypsotravel.es\/en\/wp-json\/wp\/v2\/users\/1"}],"replies":[{"embeddable":true,"href":"https:\/\/www.calypsotravel.es\/en\/wp-json\/wp\/v2\/comments?post=814"}],"version-history":[{"count":1,"href":"https:\/\/www.calypsotravel.es\/en\/wp-json\/wp\/v2\/pages\/814\/revisions"}],"predecessor-version":[{"id":815,"href":"https:\/\/www.calypsotravel.es\/en\/wp-json\/wp\/v2\/pages\/814\/revisions\/815"}],"wp:attachment":[{"href":"https:\/\/www.calypsotravel.es\/en\/wp-json\/wp\/v2\/media?parent=814"}],"curies":[{"name":"wp","href":"https:\/\/api.w.org\/{rel}","templated":true}]}}